{"id":56,"date":"2021-06-10T10:19:41","date_gmt":"2021-06-10T10:19:41","guid":{"rendered":"https:\/\/31.132.49.140\/?page_id=56"},"modified":"2021-06-14T16:57:46","modified_gmt":"2021-06-14T16:57:46","slug":"privacy","status":"publish","type":"page","link":"https:\/\/www.effepirottami.it\/?page_id=56","title":{"rendered":"Privacy"},"content":{"rendered":"\n<pre class=\"wp-block-preformatted\"><strong>INFORMATIVA PER IL TRATTAMENTO DEI DATI PERSONALI<\/strong>\n AI SENSI DEL REGOLAMENTO EUROPEO N. 2016\/679 ( GDPR ) www.cerrirottami.it\n L\u2019informativa \u00e8 resa solo per il sito www.effepirottami.it e non anche per altri siti web eventualmente consultati dall\u2019utente tramite link.\n L\u2019informativa si ispira anche alla Raccomandazione n. 2\/2001 che le autorit\u00e0 europee per la protezione dei dati personali, riunite nel Gruppo istituito dall\u2019art. 29 della direttiva n. 95\/46\/CE, hanno adottato il 17 maggio 2001 per individuare alcuni requisiti minimi per la raccolta di dati personali on-line, e, in particolare, le modalit\u00e0, i tempi e la natura delle informazioni che i titolari del trattamento devono fornire agli utenti quando questi si collegano a pagine web, indipendentemente dagli scopi del collegamento.\n <strong>IL \u201cTITOLARE\u201d DEL TRATTAMENTO<\/strong>\n A seguito della consultazione di questo sito possono essere trattati dati relativi a persone identificate o identificabili.\n Il Titolare del loro trattamento \u00e8 <strong>Effepi Rottami SRL<\/strong>, con sede a Cameri (NO) , via Matteotti sn.\nP.IVA 02345650036 ( in seguito \u201cTitolare\u201d )\n<strong> LUOGO DI TRATTAMENTO DEI DATI<\/strong>\n I trattamenti connessi ai servizi web di questo sito hanno luogo presso il Titolare e sono curati solo da personale tecnico dell\u2019Ufficio incaricato del trattamento, oppure da eventuali incaricati di occasionali operazioni di manutenzione e gestione del sito web.\n Nessun dato derivante dal servizio web viene comunicato o diffuso.\n I dati personali forniti dagli utenti che inoltrano richieste di invio di materiale informativo sono utilizzati al solo fine di eseguire il servizio o la prestazione richiesta e sono comunicati a terzi nel solo caso in cui ci\u00f2 sia a tal fine necessario.\n<strong> TIPI DI DATI TRATTATI<\/strong>\n<strong> Dati di navigazione<\/strong>\n I sistemi informatici e le procedure software preposte al funzionamento di questo sito web acquisiscono, nel corso del loro normale esercizio, alcuni dati personali la cui trasmissione \u00e8 implicita nell\u2019uso dei protocolli di comunicazione di Internet.\n Si tratta di informazioni che non sono raccolte per essere associate a interessati identificati, ma che per loro stessa natura potrebbero, attraverso elaborazioni ed associazioni con dati detenuti da terzi, permettere di identificare gli utenti.\n In questa categoria di dati rientrano gli indirizzi IP o i nomi a dominio dei computer utilizzati dagli utenti che si connettono al sito, gli indirizzi in notazione URI (Uniform Resource Identifier) delle risorse richieste, l\u2019orario della richiesta, il metodo utilizzato nel sottoporre la richiesta al server, la dimensione del file ottenuto in risposta, il codice numerico indicante lo stato della risposta data dal server (buon fine, errore, ecc.) ed altri parametri relativi al sistema operativo e all\u2019ambiente informatico dell\u2019utente.\n Questi dati vengono utilizzati al solo fine di ricavare informazioni statistiche anonime sull\u2019uso del sito e per controllarne il corretto funzionamento e vengono cancellati immediatamente dopo l\u2019elaborazione. I dati potrebbero essere utilizzati per l\u2019accertamento di responsabilit\u00e0 in caso di ipotetici reati informatici ai danni del sito.\n <strong>Dati forniti volontariamente dall\u2019utente<\/strong>\n L\u2019invio facoltativo, esplicito e volontario di posta elettronica agli indirizzi indicati su questo sito comporta la successiva acquisizione dell\u2019indirizzo del mittente, necessario per rispondere alle richieste, nonch\u00e9 degli eventuali altri dati personali inseriti nella missiva.\n Specifiche informative di sintesi verranno progressivamente predisposte per particolari servizi a richiesta.\n<strong> COOKIES<\/strong>\n <strong>Che cosa \u00e8 un cookie?<\/strong>\n Un cookie \u00e8 un piccolo file di testo che viene memorizzato dal computer nel momento in cui un sito web viene visitato da un utente. Il testo memorizza informazioni che il sito \u00e8 in grado di leggere nel momento in cui viene consultato in un secondo momento. Alcuni di questi cookies sono necessari al corretto  funzionamento del sito, altri sono invece utili al visitatore perch\u00e9 in grado di memorizzare in modo sicuro ad esempio il nome utente o le impostazioni di lingua. Il vantaggio di avere dei cookies installati nel proprio pc \u00e8 quello di non aver pi\u00f9 bisogno di compilare le stesse informazioni ogni qualvolta si voglia accedere ad un sito visitato in precedenza.\n<strong> Perch\u00e8 il nostro sito pu\u00f2 utilizzare i cookies?<\/strong>\n Il nostro sito pu\u00f2 utilizzare i cookies al fine di fornire ai visitatori un\u2019esperienza modellata il pi\u00f9 possibile intorno alle loro preferenze. Tramite i cookies si pu\u00f2 fare in modo che ad ogni visita sul sito non si debbano ricevere o inserire le stesse informazioni. I cookies vengono utilizzati anche al fine di ottimizzare le prestazioni del sito web: essi infatti rendono pi\u00f9 facile la ricerca veloce di elementi e prodotti specifici all\u2019interno del sito. Al fine di proteggere i dati personali da possibili perdite e da qualsiasi forma di trattamento illecito abbiamo preso opportune misure tecniche ed organizzative.\n<strong> Che tipo di cookie utilizziamo e a quale scopo?<\/strong>\n Il nostro sito pu\u00f2 utilizzare diverse tipologie di cookie, ognuno dei quali ha una funzione specifica.\n<strong> Cookie di navigazione<\/strong>\n Questi cookie permettono al sito di funzionare correttamente e ti permettono di visualizzare i contenuti nella tua lingua e per il tuo mercato fin dal primo accesso. Sono in grado di riconoscere da quale Paese ti stai connettendo e fanno in modo che, ogni volta che visiterai il sito, sarai automaticamente indirizzato alla versione del sito per il tuo Paese. Se sei un utente registrato, grazie ai cookie il sito potr\u00e0 riconoscerti come tale quando accederai ai servizi offerti agli utenti registrati. Questi cookie sono necessari al funzionamento del sito.\n<strong> Cookie funzionali<\/strong>\n Questi cookie non sono indispensabili per il funzionamento del sito, ma migliorano la qualit\u00e0 e l\u2019esperienza di navigazione.\n<strong> Cookie analitici<\/strong>\n Questi cookie sono utilizzati ad esempio da Google Analytics per elaborare analisi statistiche sulle modalit\u00e0 di navigazione degli utenti sul sito attraverso i computer o le applicazioni mobile, sul numero di pagine visitate o il numero di click effettuati su una pagina durante la navigazione di un sito. Trattiamo i risultati di queste analisi in maniera anonima ed esclusivamente per finalit\u00e0 statistiche solo se il fornitore di servizi utilizza i cookie in connessione al browser installato sul tuo computer o su altri dispositivi utilizzati per navigare sul nostro sito.\n <strong>Come disattivare i cookies mediante la configurazione del browser<\/strong>\n E' possibile modificare il browser per disattivare i cookies tramite una procedura molto     semplice.\n La maggior parte dei browser (Internet Explorer, Firefox, etc.) sono configurati per accettare i cookie. Tuttavia, la maggior parte dei browser permette di controllare e anche disabilitare i cookie attraverso le impostazioni del browser.\n Disabilitare i cookie di navigazione o quelli funzionali pu\u00f2 causare il malfunzionamento del sito e\/o limitare il servizio offerto.\n<strong> FACOLTATIVITA\u2019 DEL CONFERIMENTO DEI DATI<\/strong>\nA parte quanto specificato per i dati di navigazione, l\u2019utente \u00e8 libero di fornire i dati personali riportati nei moduli di richiesta del sito e di contattare il Titolare per maggiori informazioni.\n Il mancato conferimento dei dati pu\u00f2 comportare l\u2019impossibilit\u00e0 di ottenere quanto richiesto.\n<strong> MODALITA\u2019 DEL TRATTAMENTO<\/strong>\nIl trattamento dei Suoi dati personali \u00e8 realizzato per mezzo delle operazioni indicate all\u2019 art. 4 Codice Privacy e all\u2019 art. 4 n. 2) GDPR e precisamente: raccolta, registrazione, organizzazione, conservazione, consultazione, elaborazione, modificazione, selezione, estrazione, raffronto, utilizzo, interconnessione, blocco, comunicazione, cancellazione e distruzione dei dati. I Suoi dati personali sono sottoposti a trattamento sia cartaceo che elettronico e\/o automatizzato. Il Titolare tratter\u00e0 i dati personali per il tempo necessario per adempiere alle finalit\u00e0 di cui sopra e comunque per non oltre 10 anni dalla cessazione del rapporto per le Finalit\u00e0 di Servizio.\n<strong> DIRITTI DEGLI INTERESSATI<\/strong>\n Nella Sua qualit\u00e0 di interessato, ha i diritti di cui all\u2019 art. 7 Codice Privacy e art. 15 GDPR e precisamente i diritti di :\n1.  Ottenere la conferma dell\u2019 esistenza o meno di dati personali che La riguardano, anche se non ancora registrati, e la loro comunicazione in forma intelligibile;\n2.  Ottenere l\u2019 indicazione: a) dell\u2019 origine dei dati personali; b) delle finalit\u00e0 e modalit\u00e0 del trattamento; c) della logica applicata in caso di trattamento effettuato con l\u2019 ausilio di strumenti elettronici; d)degli estremi identificativi del titolare, dei responsabili e del rappresentante designato ai sensi dell\u2019 art. 5, comma 2 Codice Privacy e art. 3, comma 1, GDPR; e) dei soggetti o delle categorie di soggetti ai quali i dati personali possono essere comunicati o che possono venirne a\n conoscenza in qualit\u00e0 di rappresentante designato nel territorio dello Stato, di responsabili o incaricati;\n3.  Ottenere: a) l\u2019aggiornamento, la rettifica ovvero,quando vi ha interesse, l\u2019 integrazione dei dati; b) la cancellazione, la trasformazione in forma anonima o il blocco dei dati trattati in violazione di legge, compresi quelli di cui non \u00e8 necessaria la conservazione in relazione agli scopi per i quali i dati sono stati raccolti o successivamente trattati; c) l\u2019 attestazione che le operazioni di cui alle lettere a) e b) sono state portate a conoscenza, anche per quanto riguarda il loro contenuto, di coloro ai quali i dati sono stati comunicati o diffusi, eccettuato il caso in cui tele adempimento si rivela impossibile o comporta un impiego di mezzi manifestamente sproporzionato rispetto al diritto tutelato;\n4.  Opporsi, in tutto o in parte, per motivi legittimi al trattamento dei dati personali che La riguardano, ancorch\u00e9 pertinenti allo scopo della raccolta. Ove applicabili, ha altres\u00ec i diritti di cui agli artt. 16-21 GDPR ( diritto di rettifica, diritto all\u2019 oblio, diritto di limitazione di trattamento, diritto alla portabilit\u00e0 dei dati, diritto di opposizione ), nonch\u00e9 il diritto di reclamo all\u2019Autorit\u00e0 Garante.\n<strong> MODALITA' DI ESERCIZIO DEI DIRITTI<\/strong>\n Potr\u00e0 in qualsiasi momento esercitare i diritti utilizzando uno dei seguenti canali:\n e-mail: info@effepirottamirottami.it\n telefono: +39 351 6063395\n Pec effepi.rottami@legalmail.it\n raccomandata A.R: Effepi Rottami SRL , via Matteotti sn, 28062 Cameri ( NO )\n TITOLARE, RESPONSABILE E INCARICATI\n Il Titolare del trattamento \u00e8 Effepi Rottami SRL , via Matteotti sn, 28062 Cameri ( NO )\n L\u2019 elenco aggiornato dei responsabili e degli incaricati al trattamento \u00e8 custodito presso la sede del Titolare del trattamento. <\/pre>\n","protected":false},"excerpt":{"rendered":"<p>INFORMATIVA PER IL TRATTAMENTO DEI DATI PERSONALI AI SENSI DEL REGOLAMENTO EUROPEO N. 2016\/679 ( GDPR ) www.cerrirottami.it L\u2019informativa \u00e8 resa solo per il sito www.effepirottami.it e non anche per altri siti web eventualmente consultati dall\u2019utente tramite link. L\u2019informativa si [&hellip;]<\/p>\n","protected":false},"author":1,"featured_media":0,"parent":0,"menu_order":0,"comment_status":"closed","ping_status":"closed","template":"","meta":[],"_links":{"self":[{"href":"https:\/\/www.effepirottami.it\/index.php?rest_route=\/wp\/v2\/pages\/56"}],"collection":[{"href":"https:\/\/www.effepirottami.it\/index.php?rest_route=\/wp\/v2\/pages"}],"about":[{"href":"https:\/\/www.effepirottami.it\/index.php?rest_route=\/wp\/v2\/types\/page"}],"author":[{"embeddable":true,"href":"https:\/\/www.effepirottami.it\/index.php?rest_route=\/wp\/v2\/users\/1"}],"replies":[{"embeddable":true,"href":"https:\/\/www.effepirottami.it\/index.php?rest_route=%2Fwp%2Fv2%2Fcomments&post=56"}],"version-history":[{"count":9,"href":"https:\/\/www.effepirottami.it\/index.php?rest_route=\/wp\/v2\/pages\/56\/revisions"}],"predecessor-version":[{"id":186,"href":"https:\/\/www.effepirottami.it\/index.php?rest_route=\/wp\/v2\/pages\/56\/revisions\/186"}],"wp:attachment":[{"href":"https:\/\/www.effepirottami.it\/index.php?rest_route=%2Fwp%2Fv2%2Fmedia&parent=56"}],"curies":[{"name":"wp","href":"https:\/\/api.w.org\/{rel}","templated":true}]}}